{"id":215,"date":"2020-08-27T23:19:46","date_gmt":"2020-08-27T20:19:46","guid":{"rendered":"https:\/\/rentme24.com\/?page_id=215"},"modified":"2020-11-23T20:15:16","modified_gmt":"2020-11-23T19:15:16","slug":"avocat-specialise-pour-la-procedure-de-divorce","status":"publish","type":"page","link":"https:\/\/rechtsanwaltbochum.de\/fr\/divorce-en-ligne\/avocat-specialise-pour-la-procedure-de-divorce\/","title":{"rendered":"Avocat sp\u00e9cialis\u00e9 pour la proc\u00e9dure de divorce en Allemagne"},"content":{"rendered":"","protected":false},"excerpt":{"rendered":"","protected":false},"author":1,"featured_media":0,"parent":254,"menu_order":0,"comment_status":"closed","ping_status":"closed","template":"ra_subpage_orig.php","meta":[],"_links":{"self":[{"href":"https:\/\/rechtsanwaltbochum.de\/fr\/wp-json\/wp\/v2\/pages\/215"}],"collection":[{"href":"https:\/\/rechtsanwaltbochum.de\/fr\/wp-json\/wp\/v2\/pages"}],"about":[{"href":"https:\/\/rechtsanwaltbochum.de\/fr\/wp-json\/wp\/v2\/types\/page"}],"author":[{"embeddable":true,"href":"https:\/\/rechtsanwaltbochum.de\/fr\/wp-json\/wp\/v2\/users\/1"}],"replies":[{"embeddable":true,"href":"https:\/\/rechtsanwaltbochum.de\/fr\/wp-json\/wp\/v2\/comments?post=215"}],"version-history":[{"count":4,"href":"https:\/\/rechtsanwaltbochum.de\/fr\/wp-json\/wp\/v2\/pages\/215\/revisions"}],"predecessor-version":[{"id":565,"href":"https:\/\/rechtsanwaltbochum.de\/fr\/wp-json\/wp\/v2\/pages\/215\/revisions\/565"}],"up":[{"embeddable":true,"href":"https:\/\/rechtsanwaltbochum.de\/fr\/wp-json\/wp\/v2\/pages\/254"}],"wp:attachment":[{"href":"https:\/\/rechtsanwaltbochum.de\/fr\/wp-json\/wp\/v2\/media?parent=215"}],"curies":[{"name":"wp","href":"https:\/\/api.w.org\/{rel}","templated":true}]}}